{"id":22581,"date":"2026-01-13T12:09:26","date_gmt":"2026-01-13T12:09:26","guid":{"rendered":"https:\/\/www.bilginconsulting.com\/blog\/"},"modified":"2026-03-10T11:15:34","modified_gmt":"2026-03-10T11:15:34","slug":"blog","status":"publish","type":"page","link":"https:\/\/www.bilginconsulting.com\/en\/blog\/","title":{"rendered":"Blog"},"content":{"rendered":"\t\t<div data-elementor-type=\"wp-page\" data-elementor-id=\"22581\" class=\"elementor elementor-22581 elementor-22579\" data-elementor-post-type=\"page\">\n\t\t\t\t\t\t<section class=\"elementor-section elementor-top-section elementor-element elementor-element-1876fb3 elementor-section-boxed elementor-section-height-default elementor-section-height-default\" data-id=\"1876fb3\" data-element_type=\"section\" data-e-type=\"section\" data-settings=\"{&quot;jet_parallax_layout_list&quot;:[]}\">\n\t\t\t\t\t\t<div class=\"elementor-container elementor-column-gap-default\">\n\t\t\t\t\t<div class=\"elementor-column elementor-col-100 elementor-top-column elementor-element elementor-element-ea09afe\" data-id=\"ea09afe\" data-element_type=\"column\" data-e-type=\"column\">\n\t\t\t<div class=\"elementor-widget-wrap elementor-element-populated\">\n\t\t\t\t\t\t<div class=\"elementor-element elementor-element-94066ec elementor-widget elementor-widget-text-editor\" data-id=\"94066ec\" data-element_type=\"widget\" data-e-type=\"widget\" data-widget_type=\"text-editor.default\">\n\t\t\t\t<div class=\"elementor-widget-container\">\n\t\t\t\t\t\t\t\t\tBLOG\t\t\t\t\t\t\t\t<\/div>\n\t\t\t\t<\/div>\n\t\t\t\t<div class=\"elementor-element elementor-element-ea50512 elementor-grid-3 elementor-grid-tablet-2 elementor-grid-mobile-1 elementor-posts--thumbnail-top elementor-widget elementor-widget-posts\" data-id=\"ea50512\" data-element_type=\"widget\" data-e-type=\"widget\" data-settings=\"{&quot;classic_columns&quot;:&quot;3&quot;,&quot;classic_columns_tablet&quot;:&quot;2&quot;,&quot;classic_columns_mobile&quot;:&quot;1&quot;,&quot;classic_row_gap&quot;:{&quot;unit&quot;:&quot;px&quot;,&quot;size&quot;:35,&quot;sizes&quot;:[]},&quot;classic_row_gap_tablet&quot;:{&quot;unit&quot;:&quot;px&quot;,&quot;size&quot;:&quot;&quot;,&quot;sizes&quot;:[]},&quot;classic_row_gap_mobile&quot;:{&quot;unit&quot;:&quot;px&quot;,&quot;size&quot;:&quot;&quot;,&quot;sizes&quot;:[]}}\" data-widget_type=\"posts.classic\">\n\t\t\t\t<div class=\"elementor-widget-container\">\n\t\t\t\t\t\t\t<div class=\"elementor-posts-container elementor-posts elementor-posts--skin-classic elementor-grid\" role=\"list\">\n\t\t\t\t<article class=\"elementor-post elementor-grid-item post-23984 post type-post status-publish format-standard has-post-thumbnail hentry category-business\" role=\"listitem\">\n\t\t\t\t<a class=\"elementor-post__thumbnail__link\" href=\"https:\/\/www.bilginconsulting.com\/en\/misafir-memnuniyeti-artarken-karlilik-neden-duser\/\" tabindex=\"-1\" target=&quot;_blank&quot;>\n\t\t\t<div class=\"elementor-post__thumbnail\"><img fetchpriority=\"high\" decoding=\"async\" width=\"300\" height=\"240\" src=\"https:\/\/www.bilginconsulting.com\/wp-content\/uploads\/2026\/05\/WhatsApp-Image-2026-05-04-at-11.45.26-300x240.jpeg\" class=\"attachment-medium size-medium wp-image-23977\" alt=\"\" srcset=\"https:\/\/www.bilginconsulting.com\/wp-content\/uploads\/2026\/05\/WhatsApp-Image-2026-05-04-at-11.45.26-300x240.jpeg 300w, https:\/\/www.bilginconsulting.com\/wp-content\/uploads\/2026\/05\/WhatsApp-Image-2026-05-04-at-11.45.26-1024x819.jpeg 1024w, https:\/\/www.bilginconsulting.com\/wp-content\/uploads\/2026\/05\/WhatsApp-Image-2026-05-04-at-11.45.26-768x615.jpeg 768w, https:\/\/www.bilginconsulting.com\/wp-content\/uploads\/2026\/05\/WhatsApp-Image-2026-05-04-at-11.45.26-600x480.jpeg 600w, https:\/\/www.bilginconsulting.com\/wp-content\/uploads\/2026\/05\/WhatsApp-Image-2026-05-04-at-11.45.26.jpeg 1402w\" sizes=\"(max-width: 300px) 100vw, 300px\" \/><\/div>\n\t\t<\/a>\n\t\t\t\t<div class=\"elementor-post__text\">\n\t\t\t\t<p class=\"elementor-post__title\">\n\t\t\t<a href=\"https:\/\/www.bilginconsulting.com\/en\/misafir-memnuniyeti-artarken-karlilik-neden-duser\/\" target=&quot;_blank&quot;>\n\t\t\t\tM\u0130SAF\u0130R MEMNUN\u0130YET\u0130 ARTARKEN KARLILIK NEDEN D\u00dc\u015eER?\t\t\t<\/a>\n\t\t<\/p>\n\t\t\n\t\t<a class=\"elementor-post__read-more\" href=\"https:\/\/www.bilginconsulting.com\/en\/misafir-memnuniyeti-artarken-karlilik-neden-duser\/\" aria-label=\"Read more about M\u0130SAF\u0130R MEMNUN\u0130YET\u0130 ARTARKEN KARLILIK NEDEN D\u00dc\u015eER?\" tabindex=\"-1\" target=\"_blank\">\n\t\t\tDevam\u0131 \u00bb\t\t<\/a>\n\n\t\t\t\t<\/div>\n\t\t\t\t<\/article>\n\t\t\t\t<article class=\"elementor-post elementor-grid-item post-23730 post type-post status-publish format-standard has-post-thumbnail hentry category-business\" role=\"listitem\">\n\t\t\t\t<a class=\"elementor-post__thumbnail__link\" href=\"https:\/\/www.bilginconsulting.com\/en\/2035te-oteller-nasil-para-kazanacak\/\" tabindex=\"-1\" target=&quot;_blank&quot;>\n\t\t\t<div class=\"elementor-post__thumbnail\"><img decoding=\"async\" width=\"300\" height=\"300\" data-src=\"https:\/\/www.bilginconsulting.com\/wp-content\/uploads\/2026\/04\/WhatsApp-Image-2026-04-07-at-12.06.33-300x300.jpeg\" class=\"attachment-medium size-medium wp-image-23723 lazyload\" alt=\"\" data-srcset=\"https:\/\/www.bilginconsulting.com\/wp-content\/uploads\/2026\/04\/WhatsApp-Image-2026-04-07-at-12.06.33-300x300.jpeg 300w, https:\/\/www.bilginconsulting.com\/wp-content\/uploads\/2026\/04\/WhatsApp-Image-2026-04-07-at-12.06.33-150x150.jpeg 150w, https:\/\/www.bilginconsulting.com\/wp-content\/uploads\/2026\/04\/WhatsApp-Image-2026-04-07-at-12.06.33-768x768.jpeg 768w, https:\/\/www.bilginconsulting.com\/wp-content\/uploads\/2026\/04\/WhatsApp-Image-2026-04-07-at-12.06.33-230x230.jpeg 230w, https:\/\/www.bilginconsulting.com\/wp-content\/uploads\/2026\/04\/WhatsApp-Image-2026-04-07-at-12.06.33-400x400.jpeg 400w, https:\/\/www.bilginconsulting.com\/wp-content\/uploads\/2026\/04\/WhatsApp-Image-2026-04-07-at-12.06.33-600x600.jpeg 600w, https:\/\/www.bilginconsulting.com\/wp-content\/uploads\/2026\/04\/WhatsApp-Image-2026-04-07-at-12.06.33-640x640.jpeg 640w, https:\/\/www.bilginconsulting.com\/wp-content\/uploads\/2026\/04\/WhatsApp-Image-2026-04-07-at-12.06.33.jpeg 1024w\" data-sizes=\"(max-width: 300px) 100vw, 300px\" src=\"data:image\/svg+xml;base64,PHN2ZyB3aWR0aD0iMSIgaGVpZ2h0PSIxIiB4bWxucz0iaHR0cDovL3d3dy53My5vcmcvMjAwMC9zdmciPjwvc3ZnPg==\" style=\"--smush-placeholder-width: 300px; --smush-placeholder-aspect-ratio: 300\/300;\" \/><\/div>\n\t\t<\/a>\n\t\t\t\t<div class=\"elementor-post__text\">\n\t\t\t\t<p class=\"elementor-post__title\">\n\t\t\t<a href=\"https:\/\/www.bilginconsulting.com\/en\/2035te-oteller-nasil-para-kazanacak\/\" target=&quot;_blank&quot;>\n\t\t\t\t2035\u2019TE OTELLER NASIL PARA KAZANACAK?\t\t\t<\/a>\n\t\t<\/p>\n\t\t\n\t\t<a class=\"elementor-post__read-more\" href=\"https:\/\/www.bilginconsulting.com\/en\/2035te-oteller-nasil-para-kazanacak\/\" aria-label=\"Read more about 2035\u2019TE OTELLER NASIL PARA KAZANACAK?\" tabindex=\"-1\" target=\"_blank\">\n\t\t\tDevam\u0131 \u00bb\t\t<\/a>\n\n\t\t\t\t<\/div>\n\t\t\t\t<\/article>\n\t\t\t\t<article class=\"elementor-post elementor-grid-item post-23389 post type-post status-publish format-standard has-post-thumbnail hentry category-business\" role=\"listitem\">\n\t\t\t\t<a class=\"elementor-post__thumbnail__link\" href=\"https:\/\/www.bilginconsulting.com\/en\/deneyim-ekonomisi-perspektifinden-otel-yatirimlarinin-stratejik-analizi\/\" tabindex=\"-1\" target=&quot;_blank&quot;>\n\t\t\t<div class=\"elementor-post__thumbnail\"><img decoding=\"async\" width=\"200\" height=\"300\" data-src=\"https:\/\/www.bilginconsulting.com\/wp-content\/uploads\/2026\/03\/WhatsApp-Image-2026-03-09-at-17.10.55-200x300.jpeg\" class=\"attachment-medium size-medium wp-image-23352 lazyload\" alt=\"\" data-srcset=\"https:\/\/www.bilginconsulting.com\/wp-content\/uploads\/2026\/03\/WhatsApp-Image-2026-03-09-at-17.10.55-200x300.jpeg 200w, https:\/\/www.bilginconsulting.com\/wp-content\/uploads\/2026\/03\/WhatsApp-Image-2026-03-09-at-17.10.55-683x1024.jpeg 683w, https:\/\/www.bilginconsulting.com\/wp-content\/uploads\/2026\/03\/WhatsApp-Image-2026-03-09-at-17.10.55-768x1152.jpeg 768w, https:\/\/www.bilginconsulting.com\/wp-content\/uploads\/2026\/03\/WhatsApp-Image-2026-03-09-at-17.10.55-600x900.jpeg 600w, https:\/\/www.bilginconsulting.com\/wp-content\/uploads\/2026\/03\/WhatsApp-Image-2026-03-09-at-17.10.55.jpeg 1024w\" data-sizes=\"(max-width: 200px) 100vw, 200px\" src=\"data:image\/svg+xml;base64,PHN2ZyB3aWR0aD0iMSIgaGVpZ2h0PSIxIiB4bWxucz0iaHR0cDovL3d3dy53My5vcmcvMjAwMC9zdmciPjwvc3ZnPg==\" style=\"--smush-placeholder-width: 200px; --smush-placeholder-aspect-ratio: 200\/300;\" \/><\/div>\n\t\t<\/a>\n\t\t\t\t<div class=\"elementor-post__text\">\n\t\t\t\t<p class=\"elementor-post__title\">\n\t\t\t<a href=\"https:\/\/www.bilginconsulting.com\/en\/deneyim-ekonomisi-perspektifinden-otel-yatirimlarinin-stratejik-analizi\/\" target=&quot;_blank&quot;>\n\t\t\t\tDENEY\u0130M EKONOM\u0130S\u0130 PERSPEKT\u0130F\u0130NDEN OTEL YATIRIMLARININ STRATEJ\u0130K ANAL\u0130Z\u0130\t\t\t<\/a>\n\t\t<\/p>\n\t\t\n\t\t<a class=\"elementor-post__read-more\" href=\"https:\/\/www.bilginconsulting.com\/en\/deneyim-ekonomisi-perspektifinden-otel-yatirimlarinin-stratejik-analizi\/\" aria-label=\"Read more about DENEY\u0130M EKONOM\u0130S\u0130 PERSPEKT\u0130F\u0130NDEN OTEL YATIRIMLARININ STRATEJ\u0130K ANAL\u0130Z\u0130\" tabindex=\"-1\" target=\"_blank\">\n\t\t\tDevam\u0131 \u00bb\t\t<\/a>\n\n\t\t\t\t<\/div>\n\t\t\t\t<\/article>\n\t\t\t\t<article class=\"elementor-post elementor-grid-item post-23375 post type-post status-publish format-standard has-post-thumbnail hentry category-business\" role=\"listitem\">\n\t\t\t\t<a class=\"elementor-post__thumbnail__link\" href=\"https:\/\/www.bilginconsulting.com\/en\/otelciligin-gelecegi-insan-teknoloji-ve-cesaretin-sinavindan-dogacak-yeni-donem\/\" tabindex=\"-1\" target=&quot;_blank&quot;>\n\t\t\t<div class=\"elementor-post__thumbnail\"><img decoding=\"async\" width=\"300\" height=\"200\" data-src=\"https:\/\/www.bilginconsulting.com\/wp-content\/uploads\/2026\/02\/WhatsApp-Image-2026-02-02-at-17.43.21-300x200.jpeg\" class=\"attachment-medium size-medium wp-image-22998 lazyload\" alt=\"\" data-srcset=\"https:\/\/www.bilginconsulting.com\/wp-content\/uploads\/2026\/02\/WhatsApp-Image-2026-02-02-at-17.43.21-300x200.jpeg 300w, https:\/\/www.bilginconsulting.com\/wp-content\/uploads\/2026\/02\/WhatsApp-Image-2026-02-02-at-17.43.21-1024x683.jpeg 1024w, https:\/\/www.bilginconsulting.com\/wp-content\/uploads\/2026\/02\/WhatsApp-Image-2026-02-02-at-17.43.21-768x512.jpeg 768w, https:\/\/www.bilginconsulting.com\/wp-content\/uploads\/2026\/02\/WhatsApp-Image-2026-02-02-at-17.43.21-600x400.jpeg 600w, https:\/\/www.bilginconsulting.com\/wp-content\/uploads\/2026\/02\/WhatsApp-Image-2026-02-02-at-17.43.21.jpeg 1536w\" data-sizes=\"(max-width: 300px) 100vw, 300px\" src=\"data:image\/svg+xml;base64,PHN2ZyB3aWR0aD0iMSIgaGVpZ2h0PSIxIiB4bWxucz0iaHR0cDovL3d3dy53My5vcmcvMjAwMC9zdmciPjwvc3ZnPg==\" style=\"--smush-placeholder-width: 300px; --smush-placeholder-aspect-ratio: 300\/200;\" \/><\/div>\n\t\t<\/a>\n\t\t\t\t<div class=\"elementor-post__text\">\n\t\t\t\t<p class=\"elementor-post__title\">\n\t\t\t<a href=\"https:\/\/www.bilginconsulting.com\/en\/otelciligin-gelecegi-insan-teknoloji-ve-cesaretin-sinavindan-dogacak-yeni-donem\/\" target=&quot;_blank&quot;>\n\t\t\t\tOTELC\u0130L\u0130\u011e\u0130N GELECE\u011e\u0130: \u0130NSAN, TEKNOLOJ\u0130 VE CESARET\u0130N SINAVINDAN DO\u011eACAK YEN\u0130 D\u00d6NEM\t\t\t<\/a>\n\t\t<\/p>\n\t\t\n\t\t<a class=\"elementor-post__read-more\" href=\"https:\/\/www.bilginconsulting.com\/en\/otelciligin-gelecegi-insan-teknoloji-ve-cesaretin-sinavindan-dogacak-yeni-donem\/\" aria-label=\"Read more about OTELC\u0130L\u0130\u011e\u0130N GELECE\u011e\u0130: \u0130NSAN, TEKNOLOJ\u0130 VE CESARET\u0130N SINAVINDAN DO\u011eACAK YEN\u0130 D\u00d6NEM\" tabindex=\"-1\" target=\"_blank\">\n\t\t\tDevam\u0131 \u00bb\t\t<\/a>\n\n\t\t\t\t<\/div>\n\t\t\t\t<\/article>\n\t\t\t\t<article class=\"elementor-post elementor-grid-item post-22647 post type-post status-publish format-standard has-post-thumbnail hentry category-business\" role=\"listitem\">\n\t\t\t\t<a class=\"elementor-post__thumbnail__link\" href=\"https:\/\/www.bilginconsulting.com\/en\/otelciligin-gelecegi-insana-hikayeye-ve-cesarete-dayanan-bir-meslek\/\" tabindex=\"-1\" target=&quot;_blank&quot;>\n\t\t\t<div class=\"elementor-post__thumbnail\"><img decoding=\"async\" width=\"300\" height=\"200\" data-src=\"https:\/\/www.bilginconsulting.com\/wp-content\/uploads\/2026\/01\/WhatsApp-Image-2026-01-13-at-16.42.48-300x200.jpeg\" class=\"attachment-medium size-medium wp-image-22731 lazyload\" alt=\"\" data-srcset=\"https:\/\/www.bilginconsulting.com\/wp-content\/uploads\/2026\/01\/WhatsApp-Image-2026-01-13-at-16.42.48-300x200.jpeg 300w, https:\/\/www.bilginconsulting.com\/wp-content\/uploads\/2026\/01\/WhatsApp-Image-2026-01-13-at-16.42.48-1024x683.jpeg 1024w, https:\/\/www.bilginconsulting.com\/wp-content\/uploads\/2026\/01\/WhatsApp-Image-2026-01-13-at-16.42.48-768x512.jpeg 768w, https:\/\/www.bilginconsulting.com\/wp-content\/uploads\/2026\/01\/WhatsApp-Image-2026-01-13-at-16.42.48-600x400.jpeg 600w, https:\/\/www.bilginconsulting.com\/wp-content\/uploads\/2026\/01\/WhatsApp-Image-2026-01-13-at-16.42.48.jpeg 1536w\" data-sizes=\"(max-width: 300px) 100vw, 300px\" src=\"data:image\/svg+xml;base64,PHN2ZyB3aWR0aD0iMSIgaGVpZ2h0PSIxIiB4bWxucz0iaHR0cDovL3d3dy53My5vcmcvMjAwMC9zdmciPjwvc3ZnPg==\" style=\"--smush-placeholder-width: 300px; --smush-placeholder-aspect-ratio: 300\/200;\" \/><\/div>\n\t\t<\/a>\n\t\t\t\t<div class=\"elementor-post__text\">\n\t\t\t\t<p class=\"elementor-post__title\">\n\t\t\t<a href=\"https:\/\/www.bilginconsulting.com\/en\/otelciligin-gelecegi-insana-hikayeye-ve-cesarete-dayanan-bir-meslek\/\" target=&quot;_blank&quot;>\n\t\t\t\tOTELC\u0130L\u0130\u011e\u0130N GELECE\u011e\u0130: \u0130NSANA, H\u0130K\u00c2YEYE VE CESARETE DAYANAN B\u0130R MESLEK\t\t\t<\/a>\n\t\t<\/p>\n\t\t\n\t\t<a class=\"elementor-post__read-more\" href=\"https:\/\/www.bilginconsulting.com\/en\/otelciligin-gelecegi-insana-hikayeye-ve-cesarete-dayanan-bir-meslek\/\" aria-label=\"Read more about OTELC\u0130L\u0130\u011e\u0130N GELECE\u011e\u0130: \u0130NSANA, H\u0130K\u00c2YEYE VE CESARETE DAYANAN B\u0130R MESLEK\" tabindex=\"-1\" target=\"_blank\">\n\t\t\tDevam\u0131 \u00bb\t\t<\/a>\n\n\t\t\t\t<\/div>\n\t\t\t\t<\/article>\n\t\t\t\t<\/div>\n\t\t\n\t\t\t\t\t\t<\/div>\n\t\t\t\t<\/div>\n\t\t\t\t\t<\/div>\n\t\t<\/div>\n\t\t\t\t\t<\/div>\n\t\t<\/section>\n\t\t\t\t<\/div>\n\t\t","protected":false},"excerpt":{"rendered":"<p>BLOG<\/p>\n","protected":false},"author":1,"featured_media":0,"parent":0,"menu_order":0,"comment_status":"closed","ping_status":"closed","template":"elementor_header_footer","meta":{"footnotes":""},"class_list":["post-22581","page","type-page","status-publish","hentry"],"_links":{"self":[{"href":"https:\/\/www.bilginconsulting.com\/en\/wp-json\/wp\/v2\/pages\/22581","targetHints":{"allow":["GET"]}}],"collection":[{"href":"https:\/\/www.bilginconsulting.com\/en\/wp-json\/wp\/v2\/pages"}],"about":[{"href":"https:\/\/www.bilginconsulting.com\/en\/wp-json\/wp\/v2\/types\/page"}],"author":[{"embeddable":true,"href":"https:\/\/www.bilginconsulting.com\/en\/wp-json\/wp\/v2\/users\/1"}],"replies":[{"embeddable":true,"href":"https:\/\/www.bilginconsulting.com\/en\/wp-json\/wp\/v2\/comments?post=22581"}],"version-history":[{"count":0,"href":"https:\/\/www.bilginconsulting.com\/en\/wp-json\/wp\/v2\/pages\/22581\/revisions"}],"wp:attachment":[{"href":"https:\/\/www.bilginconsulting.com\/en\/wp-json\/wp\/v2\/media?parent=22581"}],"curies":[{"name":"wp","href":"https:\/\/api.w.org\/{rel}","templated":true}]}}